{"id":1883,"date":"2023-04-13T18:07:02","date_gmt":"2023-04-13T16:07:02","guid":{"rendered":"http:\/\/pol-pave.com\/?page_id=1883"},"modified":"2023-08-29T18:56:11","modified_gmt":"2023-08-29T16:56:11","slug":"wylewki-samopoziomujace-anhydrytowe","status":"publish","type":"page","link":"https:\/\/pol-pave.com\/en\/nasza-oferta\/wylewki-samopoziomujace-anhydrytowe\/","title":{"rendered":"Self-Leveling Anhydrite Screeds"},"content":{"rendered":"<div data-elementor-type=\"wp-page\" data-elementor-id=\"1883\" class=\"elementor elementor-1883\">\n\t\t\t\t\t\t<section class=\"elementor-section elementor-top-section elementor-element elementor-element-6d44143d elementor-section-height-min-height elementor-section-items-top elementor-section-full_width elementor-section-height-default\" data-id=\"6d44143d\" data-element_type=\"section\" data-e-type=\"section\" data-settings=\"{&quot;background_background&quot;:&quot;classic&quot;}\">\n\t\t\t\t\t\t\t<div class=\"elementor-background-overlay\"><\/div>\n\t\t\t\t\t\t\t<div class=\"elementor-container elementor-column-gap-default\">\n\t\t\t\t\t<div class=\"elementor-column elementor-col-100 elementor-top-column elementor-element elementor-element-55deb93d\" data-id=\"55deb93d\" data-element_type=\"column\" data-e-type=\"column\">\n\t\t\t<div class=\"elementor-widget-wrap elementor-element-populated\">\n\t\t\t\t\t\t<div class=\"elementor-element elementor-element-3d797d72 elementor-widget elementor-widget-spacer\" data-id=\"3d797d72\" data-element_type=\"widget\" data-e-type=\"widget\" data-widget_type=\"spacer.default\">\n\t\t\t\t<div class=\"elementor-widget-container\">\n\t\t\t\t\t\t\t<div class=\"elementor-spacer\">\n\t\t\t<div class=\"elementor-spacer-inner\"><\/div>\n\t\t<\/div>\n\t\t\t\t\t\t<\/div>\n\t\t\t\t<\/div>\n\t\t\t\t<div class=\"elementor-element elementor-element-27353513 elementor-widget elementor-widget-heading\" data-id=\"27353513\" data-element_type=\"widget\" data-e-type=\"widget\" data-widget_type=\"heading.default\">\n\t\t\t\t<div class=\"elementor-widget-container\">\n\t\t\t\t\t<h1 class=\"elementor-heading-title elementor-size-default translation-block\">Self-Leveling Anhydrite Screeds<\/h1>\t\t\t\t<\/div>\n\t\t\t\t<\/div>\n\t\t\t\t<div class=\"elementor-element elementor-element-18c3dbdf elementor-align-center elementor-widget elementor-widget-button\" data-id=\"18c3dbdf\" data-element_type=\"widget\" data-e-type=\"widget\" data-widget_type=\"button.default\">\n\t\t\t\t<div class=\"elementor-widget-container\">\n\t\t\t\t\t\t\t\t\t<div class=\"elementor-button-wrapper\">\n\t\t\t\t\t<a class=\"elementor-button elementor-button-link elementor-size-sm\" href=\"tel: 48668260608\">\n\t\t\t\t\t\t<span class=\"elementor-button-content-wrapper\">\n\t\t\t\t\t\t<span class=\"elementor-button-icon\">\n\t\t\t\t<i aria-hidden=\"true\" class=\"fas fa-phone-alt\"><\/i>\t\t\t<\/span>\n\t\t\t\t\t\t\t\t\t<span class=\"elementor-button-text\">(+48) 668 260 608<\/span>\n\t\t\t\t\t<\/span>\n\t\t\t\t\t<\/a>\n\t\t\t\t<\/div>\n\t\t\t\t\t\t\t\t<\/div>\n\t\t\t\t<\/div>\n\t\t\t\t\t<\/div>\n\t\t<\/div>\n\t\t\t\t\t<\/div>\n\t\t<\/section>\n\t\t\t\t<section class=\"elementor-section elementor-top-section elementor-element elementor-element-46de995a elementor-section-boxed elementor-section-height-default elementor-section-height-default\" data-id=\"46de995a\" data-element_type=\"section\" data-e-type=\"section\">\n\t\t\t\t\t\t<div class=\"elementor-container elementor-column-gap-default\">\n\t\t\t\t\t<div class=\"elementor-column elementor-col-100 elementor-top-column elementor-element elementor-element-5d03783c\" data-id=\"5d03783c\" data-element_type=\"column\" data-e-type=\"column\">\n\t\t\t<div class=\"elementor-widget-wrap elementor-element-populated\">\n\t\t\t\t\t\t<div class=\"elementor-element elementor-element-472ddaea elementor-position-left elementor-vertical-align-middle elementor-widget elementor-widget-image-box\" data-id=\"472ddaea\" data-element_type=\"widget\" data-e-type=\"widget\" data-widget_type=\"image-box.default\">\n\t\t\t\t<div class=\"elementor-widget-container\">\n\t\t\t\t\t<div class=\"elementor-image-box-wrapper\"><figure class=\"elementor-image-box-img\"><img fetchpriority=\"high\" decoding=\"async\" width=\"300\" height=\"300\" src=\"https:\/\/pol-pave.com\/wp-content\/uploads\/2023\/05\/wylewka-samopoziomujaca-anhydrytowa-300x300_optimized-1.jpeg\" class=\"attachment-full size-full wp-image-2369\" alt=\"\" srcset=\"https:\/\/pol-pave.com\/wp-content\/uploads\/2023\/05\/wylewka-samopoziomujaca-anhydrytowa-300x300_optimized-1.jpeg 300w, https:\/\/pol-pave.com\/wp-content\/uploads\/2023\/05\/wylewka-samopoziomujaca-anhydrytowa-300x300_optimized-1-150x150.jpeg 150w\" sizes=\"(max-width: 300px) 100vw, 300px\" \/><\/figure><div class=\"elementor-image-box-content\"><h2 class=\"elementor-image-box-title\">Self-Leveling Anhydrite Screeds<\/h2><p class=\"elementor-image-box-description\">An excellent solution for significant irregularities on concrete floors.<\/p><\/div><\/div>\t\t\t\t<\/div>\n\t\t\t\t<\/div>\n\t\t\t\t<div class=\"elementor-element elementor-element-e3119fa elementor-widget elementor-widget-toggle\" data-id=\"e3119fa\" data-element_type=\"widget\" data-e-type=\"widget\" data-widget_type=\"toggle.default\">\n\t\t\t\t<div class=\"elementor-widget-container\">\n\t\t\t\t\t\t\t<div class=\"elementor-toggle\">\n\t\t\t\t\t\t\t<div class=\"elementor-toggle-item\">\n\t\t\t\t\t<div id=\"elementor-tab-title-2381\" class=\"elementor-tab-title\" data-tab=\"1\" role=\"button\" aria-controls=\"elementor-tab-content-2381\" aria-expanded=\"false\">\n\t\t\t\t\t\t\t\t\t\t\t\t<span class=\"elementor-toggle-icon elementor-toggle-icon-left\" aria-hidden=\"true\">\n\t\t\t\t\t\t\t\t\t\t\t\t\t\t\t<span class=\"elementor-toggle-icon-closed\"><i class=\"fas fa-caret-right\"><\/i><\/span>\n\t\t\t\t\t\t\t\t<span class=\"elementor-toggle-icon-opened\"><i class=\"elementor-toggle-icon-opened fas fa-caret-up\"><\/i><\/span>\n\t\t\t\t\t\t\t\t\t\t\t\t\t<\/span>\n\t\t\t\t\t\t\t\t\t\t\t\t<a class=\"elementor-toggle-title\" tabindex=\"0\">READ MORE<\/a>\n\t\t\t\t\t<\/div>\n\n\t\t\t\t\t<div id=\"elementor-tab-content-2381\" class=\"elementor-tab-content elementor-clearfix\" data-tab=\"1\" role=\"region\" aria-labelledby=\"elementor-tab-title-2381\"><p><strong>Self-leveling anhydrite screed is an excellent substrate that offers many application possibilities. It allows for fast application while maintaining the highest quality finish. It is ideal for use in homes, apartments, as well as public facilities.\u00a0<\/strong><\/p><p>\u00a0<\/p><p><span style=\"font-weight: 400;\">It is a type of floor screed used to level the substrate before laying internal flooring, such as ceramic tiles, panels, carpeting, or parquet. It is a special type of screed based on anhydrite, which is a sulfate-based gypsum. <\/span><\/p><p>\u00a0<\/p><p><span style=\"font-weight: 400;\">This screed is a mixture of anhydrite powder, water, and possibly other additives, such as accelerators or strength enhancers. After mixing with water, it becomes fluid and self-leveling, which means that when poured onto the substrate, it spreads out, filling any unevenness and leveling the floor surface. This allows for a smooth and even substrate, making it easier to install decorative finished flooring. <\/span><\/p><p>\u00a0<\/p><p class=\" translation-block\">It is a simple ready-to-use solution, and a great alternative to cement screeds, allowing for a much faster and cheaper substrate installation, while providing excellent thermal conductivity. The main advantages of this solution include its fast drying time, allowing for further work to be done after just a few hours from application. It is also relatively lightweight, which can be beneficial in buildings where reducing the load on the structure is required. Additionally, it is environmentally friendly, as it is made from natural raw materials and does not contain harmful chemical substances.<\/p><p>\u00a0<\/p><p><span style=\"font-weight: 400;\">Self-leveling anhydrite screed is mainly used in commercial, industrial and residential construction as a base for various types of internal flooring. It requires professional application in accordance with the manufacturer's recommendations and proper preparation of the substrate to achieve a durable and effective flooring solution.<\/span><\/p><p>\u00a0<\/p><p><span style=\"font-weight: 400;\">This solution is suitable for various types of rigid ceilings and floor constructions, regardless of whether they are tiles, decorative floorings, or floor panels. While maintaining excellent parameters, it also allows for a variety of finishes, making it extremely comprehensive and efficient.<\/span><\/p><p>\u00a0<\/p><p><strong>Examples of application areas:<\/strong><\/p><p>\u00a0<\/p><ul><li style=\"font-weight: 400;\" aria-level=\"1\"><span style=\"font-weight: 400;\">Houses<\/span><\/li><li style=\"font-weight: 400;\" aria-level=\"1\"><span style=\"font-weight: 400;\">Apartments<\/span><\/li><li style=\"font-weight: 400;\" aria-level=\"1\"><span style=\"font-weight: 400;\">Offices<\/span><\/li><li style=\"font-weight: 400;\" aria-level=\"1\"><span style=\"font-weight: 400;\">Schools<\/span><\/li><li style=\"font-weight: 400;\" aria-level=\"1\"><span style=\"font-weight: 400;\">Hospitals,<\/span><\/li><li style=\"font-weight: 400;\" aria-level=\"1\"><span style=\"font-weight: 400;\">Cinemas,<\/span><\/li><li style=\"font-weight: 400;\" aria-level=\"1\"><span style=\"font-weight: 400;\">Shops.<\/span><\/li><\/ul><\/div>\n\t\t\t\t<\/div>\n\t\t\t\t\t\t\t\t<\/div>\n\t\t\t\t\t\t<\/div>\n\t\t\t\t<\/div>\n\t\t\t\t\t<\/div>\n\t\t<\/div>\n\t\t\t\t\t<\/div>\n\t\t<\/section>\n\t\t\t\t<section class=\"elementor-section elementor-top-section elementor-element elementor-element-2743167c elementor-section-boxed elementor-section-height-default elementor-section-height-default\" data-id=\"2743167c\" data-element_type=\"section\" data-e-type=\"section\">\n\t\t\t\t\t\t<div class=\"elementor-container elementor-column-gap-default\">\n\t\t\t\t\t<div class=\"elementor-column elementor-col-100 elementor-top-column elementor-element elementor-element-f2d31dc\" data-id=\"f2d31dc\" data-element_type=\"column\" data-e-type=\"column\">\n\t\t\t<div class=\"elementor-widget-wrap elementor-element-populated\">\n\t\t\t\t\t\t<div class=\"elementor-element elementor-element-de59eb5 elementor-widget-divider--view-line elementor-widget elementor-widget-divider\" data-id=\"de59eb5\" data-element_type=\"widget\" data-e-type=\"widget\" data-widget_type=\"divider.default\">\n\t\t\t\t<div class=\"elementor-widget-container\">\n\t\t\t\t\t\t\t<div class=\"elementor-divider\">\n\t\t\t<span class=\"elementor-divider-separator\">\n\t\t\t\t\t\t<\/span>\n\t\t<\/div>\n\t\t\t\t\t\t<\/div>\n\t\t\t\t<\/div>\n\t\t\t\t\t<\/div>\n\t\t<\/div>\n\t\t\t\t\t<\/div>\n\t\t<\/section>\n\t\t\t\t<\/div>","protected":false},"excerpt":{"rendered":"<p>wylewki samopoziomuj\u0105ce anhydrytowe (+48) 668 260 608 Wylewki samopoziomuj\u0105ce anhydrytowe Doskona\u0142e rozwi\u0105zanie w przypadku znacznych nier\u00f3wno\u015bci na posadzkach betonowych ZOBACZ WI\u0118CEJ Wylewka samopoziomuj\u0105ca anhydrytowa to \u015bwietny podk\u0142ad daj\u0105cy wiele mo\u017cliwo\u015bci zastosowania. Pozwala na szybk\u0105 aplikacj\u0119, jednocze\u015bnie zachowuj\u0105c najwy\u017csz\u0105 jako\u015b\u0107 wyko\u0144czenia. Znakomicie sprawdzi si\u0119 zar\u00f3wno w domach, mieszkaniach, jak i w obiektach u\u017cyteczno\u015bci publicznej.\u00a0 Jest rodzajem &hellip;<\/p>\n<p class=\"read-more\"> <a class=\"\" href=\"https:\/\/pol-pave.com\/en\/nasza-oferta\/wylewki-samopoziomujace-anhydrytowe\/\"> <span class=\"screen-reader-text\">Self-Leveling Anhydrite Screeds<\/span> Read More &raquo;<\/a><\/p>","protected":false},"author":1,"featured_media":0,"parent":1922,"menu_order":0,"comment_status":"closed","ping_status":"closed","template":"","meta":{"site-sidebar-layout":"no-sidebar","site-content-layout":"page-builder","ast-global-header-display":"","ast-main-header-display":"","ast-hfb-above-header-display":"","ast-hfb-below-header-display":"","ast-hfb-mobile-header-display":"","site-post-title":"disabled","ast-breadcrumbs-content":"","ast-featured-img":"disabled","footer-sml-layout":"","theme-transparent-header-meta":"enabled","adv-header-id-meta":"","stick-header-meta":"","header-above-stick-meta":"","header-main-stick-meta":"","header-below-stick-meta":"","footnotes":""},"class_list":["post-1883","page","type-page","status-publish","hentry"],"yoast_head":"<!-- This site is optimized with the Yoast SEO plugin v27.5 - https:\/\/yoast.com\/product\/yoast-seo-wordpress\/ -->\n<title>Wylewki samopoziomuj\u0105ce anhydrytowe - Pol-Pave<\/title>\n<meta name=\"description\" content=\"Pol-Pave to ekspert w dziedzinie wylewek samopoziomuj\u0105cych anhydrytowych. Oferujemy rozwi\u0105zania, kt\u00f3re gwarantuj\u0105 idealnie g\u0142adkie i r\u00f3wne powierzchnie. Wybierz innowacyjno\u015b\u0107 i doskona\u0142o\u015b\u0107 w ka\u017cdym calu!\" \/>\n<meta name=\"robots\" content=\"index, follow, max-snippet:-1, max-image-preview:large, max-video-preview:-1\" \/>\n<link rel=\"canonical\" href=\"https:\/\/pol-pave.com\/en\/nasza-oferta\/wylewki-samopoziomujace-anhydrytowe\/\" \/>\n<meta property=\"og:locale\" content=\"en_GB\" \/>\n<meta property=\"og:type\" content=\"article\" \/>\n<meta property=\"og:title\" content=\"Wylewki samopoziomuj\u0105ce anhydrytowe - Pol-Pave\" \/>\n<meta property=\"og:description\" content=\"Pol-Pave to ekspert w dziedzinie wylewek samopoziomuj\u0105cych anhydrytowych. Oferujemy rozwi\u0105zania, kt\u00f3re gwarantuj\u0105 idealnie g\u0142adkie i r\u00f3wne powierzchnie. Wybierz innowacyjno\u015b\u0107 i doskona\u0142o\u015b\u0107 w ka\u017cdym calu!\" \/>\n<meta property=\"og:url\" content=\"https:\/\/pol-pave.com\/en\/nasza-oferta\/wylewki-samopoziomujace-anhydrytowe\/\" \/>\n<meta property=\"og:site_name\" content=\"Pol-Pave\" \/>\n<meta property=\"article:publisher\" content=\"https:\/\/www.facebook.com\/PolPave\" \/>\n<meta property=\"article:modified_time\" content=\"2023-08-29T16:56:11+00:00\" \/>\n<meta property=\"og:image\" content=\"http:\/\/pol-pave.com\/wp-content\/uploads\/2023\/05\/wylewka-samopoziomujaca-anhydrytowa-300x300_optimized-1.jpeg\" \/>\n<meta name=\"twitter:card\" content=\"summary_large_image\" \/>\n<meta name=\"twitter:label1\" content=\"Estimated reading time\" \/>\n\t<meta name=\"twitter:data1\" content=\"2 minutes\" \/>\n<script type=\"application\/ld+json\" class=\"yoast-schema-graph\">{\"@context\":\"https:\\\/\\\/schema.org\",\"@graph\":[{\"@type\":\"WebPage\",\"@id\":\"https:\\\/\\\/pol-pave.com\\\/nasza-oferta\\\/wylewki-samopoziomujace-anhydrytowe\\\/\",\"url\":\"https:\\\/\\\/pol-pave.com\\\/nasza-oferta\\\/wylewki-samopoziomujace-anhydrytowe\\\/\",\"name\":\"Wylewki samopoziomuj\u0105ce anhydrytowe - Pol-Pave\",\"isPartOf\":{\"@id\":\"https:\\\/\\\/pol-pave.com\\\/#website\"},\"primaryImageOfPage\":{\"@id\":\"https:\\\/\\\/pol-pave.com\\\/nasza-oferta\\\/wylewki-samopoziomujace-anhydrytowe\\\/#primaryimage\"},\"image\":{\"@id\":\"https:\\\/\\\/pol-pave.com\\\/nasza-oferta\\\/wylewki-samopoziomujace-anhydrytowe\\\/#primaryimage\"},\"thumbnailUrl\":\"http:\\\/\\\/pol-pave.com\\\/wp-content\\\/uploads\\\/2023\\\/05\\\/wylewka-samopoziomujaca-anhydrytowa-300x300_optimized-1.jpeg\",\"datePublished\":\"2023-04-13T16:07:02+00:00\",\"dateModified\":\"2023-08-29T16:56:11+00:00\",\"description\":\"Pol-Pave to ekspert w dziedzinie wylewek samopoziomuj\u0105cych anhydrytowych. Oferujemy rozwi\u0105zania, kt\u00f3re gwarantuj\u0105 idealnie g\u0142adkie i r\u00f3wne powierzchnie. Wybierz innowacyjno\u015b\u0107 i doskona\u0142o\u015b\u0107 w ka\u017cdym calu!\",\"breadcrumb\":{\"@id\":\"https:\\\/\\\/pol-pave.com\\\/nasza-oferta\\\/wylewki-samopoziomujace-anhydrytowe\\\/#breadcrumb\"},\"inLanguage\":\"en-GB\",\"potentialAction\":[{\"@type\":\"ReadAction\",\"target\":[\"https:\\\/\\\/pol-pave.com\\\/nasza-oferta\\\/wylewki-samopoziomujace-anhydrytowe\\\/\"]}]},{\"@type\":\"ImageObject\",\"inLanguage\":\"en-GB\",\"@id\":\"https:\\\/\\\/pol-pave.com\\\/nasza-oferta\\\/wylewki-samopoziomujace-anhydrytowe\\\/#primaryimage\",\"url\":\"http:\\\/\\\/pol-pave.com\\\/wp-content\\\/uploads\\\/2023\\\/05\\\/wylewka-samopoziomujaca-anhydrytowa-300x300_optimized-1.jpeg\",\"contentUrl\":\"http:\\\/\\\/pol-pave.com\\\/wp-content\\\/uploads\\\/2023\\\/05\\\/wylewka-samopoziomujaca-anhydrytowa-300x300_optimized-1.jpeg\"},{\"@type\":\"BreadcrumbList\",\"@id\":\"https:\\\/\\\/pol-pave.com\\\/nasza-oferta\\\/wylewki-samopoziomujace-anhydrytowe\\\/#breadcrumb\",\"itemListElement\":[{\"@type\":\"ListItem\",\"position\":1,\"name\":\"Home\",\"item\":\"https:\\\/\\\/pol-pave.com\\\/\"},{\"@type\":\"ListItem\",\"position\":2,\"name\":\"Nasza oferta\",\"item\":\"https:\\\/\\\/pol-pave.com\\\/nasza-oferta\\\/\"},{\"@type\":\"ListItem\",\"position\":3,\"name\":\"Wylewki samopoziomuj\u0105ce anhydrytowe\"}]},{\"@type\":\"WebSite\",\"@id\":\"https:\\\/\\\/pol-pave.com\\\/#website\",\"url\":\"https:\\\/\\\/pol-pave.com\\\/\",\"name\":\"Pol-Pave\",\"description\":\"Posadzki i nawierzchnie\",\"publisher\":{\"@id\":\"https:\\\/\\\/pol-pave.com\\\/#organization\"},\"alternateName\":\"Polish Pavings\",\"potentialAction\":[{\"@type\":\"SearchAction\",\"target\":{\"@type\":\"EntryPoint\",\"urlTemplate\":\"https:\\\/\\\/pol-pave.com\\\/?s={search_term_string}\"},\"query-input\":{\"@type\":\"PropertyValueSpecification\",\"valueRequired\":true,\"valueName\":\"search_term_string\"}}],\"inLanguage\":\"en-GB\"},{\"@type\":\"Organization\",\"@id\":\"https:\\\/\\\/pol-pave.com\\\/#organization\",\"name\":\"Polish Pavings Daniel Sojka\",\"url\":\"https:\\\/\\\/pol-pave.com\\\/\",\"logo\":{\"@type\":\"ImageObject\",\"inLanguage\":\"en-GB\",\"@id\":\"https:\\\/\\\/pol-pave.com\\\/#\\\/schema\\\/logo\\\/image\\\/\",\"url\":\"https:\\\/\\\/pol-pave.com\\\/wp-content\\\/uploads\\\/2023\\\/04\\\/logo6-1.png\",\"contentUrl\":\"https:\\\/\\\/pol-pave.com\\\/wp-content\\\/uploads\\\/2023\\\/04\\\/logo6-1.png\",\"width\":361,\"height\":120,\"caption\":\"Polish Pavings Daniel Sojka\"},\"image\":{\"@id\":\"https:\\\/\\\/pol-pave.com\\\/#\\\/schema\\\/logo\\\/image\\\/\"},\"sameAs\":[\"https:\\\/\\\/www.facebook.com\\\/PolPave\"]}]}<\/script>\n<!-- \/ Yoast SEO plugin. -->","yoast_head_json":{"title":"Wylewki samopoziomuj\u0105ce anhydrytowe - Pol-Pave","description":"Pol-Pave to ekspert w dziedzinie wylewek samopoziomuj\u0105cych anhydrytowych. Oferujemy rozwi\u0105zania, kt\u00f3re gwarantuj\u0105 idealnie g\u0142adkie i r\u00f3wne powierzchnie. Wybierz innowacyjno\u015b\u0107 i doskona\u0142o\u015b\u0107 w ka\u017cdym calu!","robots":{"index":"index","follow":"follow","max-snippet":"max-snippet:-1","max-image-preview":"max-image-preview:large","max-video-preview":"max-video-preview:-1"},"canonical":"https:\/\/pol-pave.com\/en\/nasza-oferta\/wylewki-samopoziomujace-anhydrytowe\/","og_locale":"en_GB","og_type":"article","og_title":"Wylewki samopoziomuj\u0105ce anhydrytowe - Pol-Pave","og_description":"Pol-Pave to ekspert w dziedzinie wylewek samopoziomuj\u0105cych anhydrytowych. Oferujemy rozwi\u0105zania, kt\u00f3re gwarantuj\u0105 idealnie g\u0142adkie i r\u00f3wne powierzchnie. Wybierz innowacyjno\u015b\u0107 i doskona\u0142o\u015b\u0107 w ka\u017cdym calu!","og_url":"https:\/\/pol-pave.com\/en\/nasza-oferta\/wylewki-samopoziomujace-anhydrytowe\/","og_site_name":"Pol-Pave","article_publisher":"https:\/\/www.facebook.com\/PolPave","article_modified_time":"2023-08-29T16:56:11+00:00","og_image":[{"url":"http:\/\/pol-pave.com\/wp-content\/uploads\/2023\/05\/wylewka-samopoziomujaca-anhydrytowa-300x300_optimized-1.jpeg","type":"","width":"","height":""}],"twitter_card":"summary_large_image","twitter_misc":{"Estimated reading time":"2 minutes"},"schema":{"@context":"https:\/\/schema.org","@graph":[{"@type":"WebPage","@id":"https:\/\/pol-pave.com\/nasza-oferta\/wylewki-samopoziomujace-anhydrytowe\/","url":"https:\/\/pol-pave.com\/nasza-oferta\/wylewki-samopoziomujace-anhydrytowe\/","name":"Wylewki samopoziomuj\u0105ce anhydrytowe - Pol-Pave","isPartOf":{"@id":"https:\/\/pol-pave.com\/#website"},"primaryImageOfPage":{"@id":"https:\/\/pol-pave.com\/nasza-oferta\/wylewki-samopoziomujace-anhydrytowe\/#primaryimage"},"image":{"@id":"https:\/\/pol-pave.com\/nasza-oferta\/wylewki-samopoziomujace-anhydrytowe\/#primaryimage"},"thumbnailUrl":"http:\/\/pol-pave.com\/wp-content\/uploads\/2023\/05\/wylewka-samopoziomujaca-anhydrytowa-300x300_optimized-1.jpeg","datePublished":"2023-04-13T16:07:02+00:00","dateModified":"2023-08-29T16:56:11+00:00","description":"Pol-Pave to ekspert w dziedzinie wylewek samopoziomuj\u0105cych anhydrytowych. Oferujemy rozwi\u0105zania, kt\u00f3re gwarantuj\u0105 idealnie g\u0142adkie i r\u00f3wne powierzchnie. Wybierz innowacyjno\u015b\u0107 i doskona\u0142o\u015b\u0107 w ka\u017cdym calu!","breadcrumb":{"@id":"https:\/\/pol-pave.com\/nasza-oferta\/wylewki-samopoziomujace-anhydrytowe\/#breadcrumb"},"inLanguage":"en-GB","potentialAction":[{"@type":"ReadAction","target":["https:\/\/pol-pave.com\/nasza-oferta\/wylewki-samopoziomujace-anhydrytowe\/"]}]},{"@type":"ImageObject","inLanguage":"en-GB","@id":"https:\/\/pol-pave.com\/nasza-oferta\/wylewki-samopoziomujace-anhydrytowe\/#primaryimage","url":"http:\/\/pol-pave.com\/wp-content\/uploads\/2023\/05\/wylewka-samopoziomujaca-anhydrytowa-300x300_optimized-1.jpeg","contentUrl":"http:\/\/pol-pave.com\/wp-content\/uploads\/2023\/05\/wylewka-samopoziomujaca-anhydrytowa-300x300_optimized-1.jpeg"},{"@type":"BreadcrumbList","@id":"https:\/\/pol-pave.com\/nasza-oferta\/wylewki-samopoziomujace-anhydrytowe\/#breadcrumb","itemListElement":[{"@type":"ListItem","position":1,"name":"Home","item":"https:\/\/pol-pave.com\/"},{"@type":"ListItem","position":2,"name":"Nasza oferta","item":"https:\/\/pol-pave.com\/nasza-oferta\/"},{"@type":"ListItem","position":3,"name":"Wylewki samopoziomuj\u0105ce anhydrytowe"}]},{"@type":"WebSite","@id":"https:\/\/pol-pave.com\/#website","url":"https:\/\/pol-pave.com\/","name":"Pol-Pave","description":"Posadzki i nawierzchnie","publisher":{"@id":"https:\/\/pol-pave.com\/#organization"},"alternateName":"Polish Pavings","potentialAction":[{"@type":"SearchAction","target":{"@type":"EntryPoint","urlTemplate":"https:\/\/pol-pave.com\/?s={search_term_string}"},"query-input":{"@type":"PropertyValueSpecification","valueRequired":true,"valueName":"search_term_string"}}],"inLanguage":"en-GB"},{"@type":"Organization","@id":"https:\/\/pol-pave.com\/#organization","name":"Polish Pavings Daniel Sojka","url":"https:\/\/pol-pave.com\/","logo":{"@type":"ImageObject","inLanguage":"en-GB","@id":"https:\/\/pol-pave.com\/#\/schema\/logo\/image\/","url":"https:\/\/pol-pave.com\/wp-content\/uploads\/2023\/04\/logo6-1.png","contentUrl":"https:\/\/pol-pave.com\/wp-content\/uploads\/2023\/04\/logo6-1.png","width":361,"height":120,"caption":"Polish Pavings Daniel Sojka"},"image":{"@id":"https:\/\/pol-pave.com\/#\/schema\/logo\/image\/"},"sameAs":["https:\/\/www.facebook.com\/PolPave"]}]}},"_links":{"self":[{"href":"https:\/\/pol-pave.com\/en\/wp-json\/wp\/v2\/pages\/1883","targetHints":{"allow":["GET"]}}],"collection":[{"href":"https:\/\/pol-pave.com\/en\/wp-json\/wp\/v2\/pages"}],"about":[{"href":"https:\/\/pol-pave.com\/en\/wp-json\/wp\/v2\/types\/page"}],"author":[{"embeddable":true,"href":"https:\/\/pol-pave.com\/en\/wp-json\/wp\/v2\/users\/1"}],"replies":[{"embeddable":true,"href":"https:\/\/pol-pave.com\/en\/wp-json\/wp\/v2\/comments?post=1883"}],"version-history":[{"count":23,"href":"https:\/\/pol-pave.com\/en\/wp-json\/wp\/v2\/pages\/1883\/revisions"}],"predecessor-version":[{"id":2392,"href":"https:\/\/pol-pave.com\/en\/wp-json\/wp\/v2\/pages\/1883\/revisions\/2392"}],"up":[{"embeddable":true,"href":"https:\/\/pol-pave.com\/en\/wp-json\/wp\/v2\/pages\/1922"}],"wp:attachment":[{"href":"https:\/\/pol-pave.com\/en\/wp-json\/wp\/v2\/media?parent=1883"}],"curies":[{"name":"wp","href":"https:\/\/api.w.org\/{rel}","templated":true}]}}