{"id":1887,"date":"2023-04-13T18:08:32","date_gmt":"2023-04-13T16:08:32","guid":{"rendered":"http:\/\/pol-pave.com\/?page_id=1887"},"modified":"2023-08-29T18:51:49","modified_gmt":"2023-08-29T16:51:49","slug":"hydroizolacje","status":"publish","type":"page","link":"https:\/\/pol-pave.com\/en\/nasza-oferta\/hydroizolacje\/","title":{"rendered":"Resin-based hydro-proofing"},"content":{"rendered":"<div data-elementor-type=\"wp-page\" data-elementor-id=\"1887\" class=\"elementor elementor-1887\">\n\t\t\t\t\t\t<section class=\"elementor-section elementor-top-section elementor-element elementor-element-93af284 elementor-section-height-min-height elementor-section-items-top elementor-section-full_width elementor-section-height-default\" data-id=\"93af284\" data-element_type=\"section\" data-e-type=\"section\" data-settings=\"{&quot;background_background&quot;:&quot;classic&quot;}\">\n\t\t\t\t\t\t\t<div class=\"elementor-background-overlay\"><\/div>\n\t\t\t\t\t\t\t<div class=\"elementor-container elementor-column-gap-default\">\n\t\t\t\t\t<div class=\"elementor-column elementor-col-100 elementor-top-column elementor-element elementor-element-237d825b\" data-id=\"237d825b\" data-element_type=\"column\" data-e-type=\"column\">\n\t\t\t<div class=\"elementor-widget-wrap elementor-element-populated\">\n\t\t\t\t\t\t<div class=\"elementor-element elementor-element-a4015b5 elementor-widget elementor-widget-spacer\" data-id=\"a4015b5\" data-element_type=\"widget\" data-e-type=\"widget\" data-widget_type=\"spacer.default\">\n\t\t\t\t<div class=\"elementor-widget-container\">\n\t\t\t\t\t\t\t<div class=\"elementor-spacer\">\n\t\t\t<div class=\"elementor-spacer-inner\"><\/div>\n\t\t<\/div>\n\t\t\t\t\t\t<\/div>\n\t\t\t\t<\/div>\n\t\t\t\t<div class=\"elementor-element elementor-element-a34f28c elementor-widget elementor-widget-heading\" data-id=\"a34f28c\" data-element_type=\"widget\" data-e-type=\"widget\" data-widget_type=\"heading.default\">\n\t\t\t\t<div class=\"elementor-widget-container\">\n\t\t\t\t\t<h1 class=\"elementor-heading-title elementor-size-default\">Hydro-proofing<\/h1>\t\t\t\t<\/div>\n\t\t\t\t<\/div>\n\t\t\t\t<div class=\"elementor-element elementor-element-6f198df6 elementor-align-center elementor-widget elementor-widget-button\" data-id=\"6f198df6\" data-element_type=\"widget\" data-e-type=\"widget\" data-widget_type=\"button.default\">\n\t\t\t\t<div class=\"elementor-widget-container\">\n\t\t\t\t\t\t\t\t\t<div class=\"elementor-button-wrapper\">\n\t\t\t\t\t<a class=\"elementor-button elementor-button-link elementor-size-sm\" href=\"tel: 48668260608\">\n\t\t\t\t\t\t<span class=\"elementor-button-content-wrapper\">\n\t\t\t\t\t\t<span class=\"elementor-button-icon\">\n\t\t\t\t<i aria-hidden=\"true\" class=\"fas fa-phone-alt\"><\/i>\t\t\t<\/span>\n\t\t\t\t\t\t\t\t\t<span class=\"elementor-button-text\">(+48) 668 260 608<\/span>\n\t\t\t\t\t<\/span>\n\t\t\t\t\t<\/a>\n\t\t\t\t<\/div>\n\t\t\t\t\t\t\t\t<\/div>\n\t\t\t\t<\/div>\n\t\t\t\t\t<\/div>\n\t\t<\/div>\n\t\t\t\t\t<\/div>\n\t\t<\/section>\n\t\t\t\t<section class=\"elementor-section elementor-top-section elementor-element elementor-element-600f436b elementor-section-boxed elementor-section-height-default elementor-section-height-default\" data-id=\"600f436b\" data-element_type=\"section\" data-e-type=\"section\">\n\t\t\t\t\t\t<div class=\"elementor-container elementor-column-gap-default\">\n\t\t\t\t\t<div class=\"elementor-column elementor-col-100 elementor-top-column elementor-element elementor-element-132f7f4c\" data-id=\"132f7f4c\" data-element_type=\"column\" data-e-type=\"column\">\n\t\t\t<div class=\"elementor-widget-wrap elementor-element-populated\">\n\t\t\t\t\t\t<div class=\"elementor-element elementor-element-378b83e4 elementor-position-left elementor-vertical-align-middle elementor-widget elementor-widget-image-box\" data-id=\"378b83e4\" data-element_type=\"widget\" data-e-type=\"widget\" data-widget_type=\"image-box.default\">\n\t\t\t\t<div class=\"elementor-widget-container\">\n\t\t\t\t\t<div class=\"elementor-image-box-wrapper\"><figure class=\"elementor-image-box-img\"><img fetchpriority=\"high\" decoding=\"async\" width=\"1024\" height=\"1024\" src=\"https:\/\/pol-pave.com\/wp-content\/uploads\/2023\/05\/stelarz-hydroizolacje_optimized.jpeg\" class=\"attachment-full size-full wp-image-2373\" alt=\"\" srcset=\"https:\/\/pol-pave.com\/wp-content\/uploads\/2023\/05\/stelarz-hydroizolacje_optimized.jpeg 1024w, https:\/\/pol-pave.com\/wp-content\/uploads\/2023\/05\/stelarz-hydroizolacje_optimized-300x300.jpeg 300w, https:\/\/pol-pave.com\/wp-content\/uploads\/2023\/05\/stelarz-hydroizolacje_optimized-150x150.jpeg 150w, https:\/\/pol-pave.com\/wp-content\/uploads\/2023\/05\/stelarz-hydroizolacje_optimized-768x768.jpeg 768w\" sizes=\"(max-width: 1024px) 100vw, 1024px\" \/><\/figure><div class=\"elementor-image-box-content\"><h2 class=\"elementor-image-box-title\">Resin-based hydro-proofing<\/h2><p class=\"elementor-image-box-description\">Waterproofing building surfaces to protect against moisture and water damage.<\/p><\/div><\/div>\t\t\t\t<\/div>\n\t\t\t\t<\/div>\n\t\t\t\t<div class=\"elementor-element elementor-element-ace0891 elementor-widget elementor-widget-toggle\" data-id=\"ace0891\" data-element_type=\"widget\" data-e-type=\"widget\" data-widget_type=\"toggle.default\">\n\t\t\t\t<div class=\"elementor-widget-container\">\n\t\t\t\t\t\t\t<div class=\"elementor-toggle\">\n\t\t\t\t\t\t\t<div class=\"elementor-toggle-item\">\n\t\t\t\t\t<div id=\"elementor-tab-title-1811\" class=\"elementor-tab-title\" data-tab=\"1\" role=\"button\" aria-controls=\"elementor-tab-content-1811\" aria-expanded=\"false\">\n\t\t\t\t\t\t\t\t\t\t\t\t<span class=\"elementor-toggle-icon elementor-toggle-icon-left\" aria-hidden=\"true\">\n\t\t\t\t\t\t\t\t\t\t\t\t\t\t\t<span class=\"elementor-toggle-icon-closed\"><i class=\"fas fa-caret-right\"><\/i><\/span>\n\t\t\t\t\t\t\t\t<span class=\"elementor-toggle-icon-opened\"><i class=\"elementor-toggle-icon-opened fas fa-caret-up\"><\/i><\/span>\n\t\t\t\t\t\t\t\t\t\t\t\t\t<\/span>\n\t\t\t\t\t\t\t\t\t\t\t\t<a class=\"elementor-toggle-title\" tabindex=\"0\">READ MORE<\/a>\n\t\t\t\t\t<\/div>\n\n\t\t\t\t\t<div id=\"elementor-tab-content-1811\" class=\"elementor-tab-content elementor-clearfix\" data-tab=\"1\" role=\"region\" aria-labelledby=\"elementor-tab-title-1811\"><p><strong>Resin-based hydro-proofing is one of the most effective methods for protecting building and structure surfaces from water. They are resistant to weathering, chemicals, and corrosion, making them ideal for use in potable water tanks, wastewater treatment plants, bridge construction, and industrial applications.<\/strong><\/p><p>\u00a0<\/p><p><span style=\"font-weight: 400;\">Hydro-proofing is a process aimed at protecting building surfaces from water and moisture penetration. Various materials are used for hydro-proofing, including resins (epoxy, polyurethane, vinyl ester).<\/span><\/p><p>\u00a0<\/p><p><span style=\"font-weight: 400;\">Hydro-proofing is particularly important in the case of potable water tanks and wastewater treatment plants. In these cases, it is necessary to prevent water from entering the environment and ensure high-quality water.<\/span><\/p><p>\u00a0<\/p><p><strong>Different techniques are used in the process of hydro-proofing, depending on the type of surface to be protected and the type of material used. Hydro-proofing can be applied in the form of manual painting, plastering, or high-pressure, high-temperature spraying.<\/strong><\/p><p>\u00a0<\/p><p><span style=\"font-weight: 400;\">Polymocznik is a material used for isolating surfaces subjected to high mechanical, chemical, and high-temperature stresses.<\/span><\/p><p>\u00a0<\/p><p><span style=\"font-weight: 400;\">Cement slurries are materials primarily used for hydro-proofing of terraces, balconies, and foundations. They are resistant to high water pressure and adverse weather conditions.<\/span><\/p><p>\u00a0<\/p><p><strong>Hydro-proofing is essential for protecting building surfaces from moisture and water, and resins (epoxy, polyurethane, vinyl ester), and cement slurries are effective materials for their implementation. It is important to invest in professional hydro-proofing and structural protection from the destructive effects of water to ensure safe water quality and environmental protection.<\/strong><\/p><\/div>\n\t\t\t\t<\/div>\n\t\t\t\t\t\t\t\t<\/div>\n\t\t\t\t\t\t<\/div>\n\t\t\t\t<\/div>\n\t\t\t\t\t<\/div>\n\t\t<\/div>\n\t\t\t\t\t<\/div>\n\t\t<\/section>\n\t\t\t\t<section class=\"elementor-section elementor-top-section elementor-element elementor-element-467d31e4 elementor-section-boxed elementor-section-height-default elementor-section-height-default\" data-id=\"467d31e4\" data-element_type=\"section\" data-e-type=\"section\">\n\t\t\t\t\t\t<div class=\"elementor-container elementor-column-gap-default\">\n\t\t\t\t\t<div class=\"elementor-column elementor-col-100 elementor-top-column elementor-element elementor-element-48965efb\" data-id=\"48965efb\" data-element_type=\"column\" data-e-type=\"column\">\n\t\t\t<div class=\"elementor-widget-wrap elementor-element-populated\">\n\t\t\t\t\t\t<div class=\"elementor-element elementor-element-55d36ff9 elementor-widget-divider--view-line elementor-widget elementor-widget-divider\" data-id=\"55d36ff9\" data-element_type=\"widget\" data-e-type=\"widget\" data-widget_type=\"divider.default\">\n\t\t\t\t<div class=\"elementor-widget-container\">\n\t\t\t\t\t\t\t<div class=\"elementor-divider\">\n\t\t\t<span class=\"elementor-divider-separator\">\n\t\t\t\t\t\t<\/span>\n\t\t<\/div>\n\t\t\t\t\t\t<\/div>\n\t\t\t\t<\/div>\n\t\t\t\t\t<\/div>\n\t\t<\/div>\n\t\t\t\t\t<\/div>\n\t\t<\/section>\n\t\t\t\t<\/div>","protected":false},"excerpt":{"rendered":"<p>hydroizolacje (+48) 668 260 608 Hydroizolacje Zabezpieczenie powierzchni budynk\u00f3w przed wilgoci\u0105 i wod\u0105 ZOBACZ WI\u0118CEJ Hydroizolacje \u017cywiczne s\u0105 jednymi z najskuteczniejszych sposob\u00f3w zabezpieczania powierzchni budynk\u00f3w i budowli przed wod\u0105.\u00a0S\u0105 odporne na dzia\u0142anie czynnik\u00f3w atmosferycznych, chemikali\u00f3w i korozji, co czyni je idealnymi do zastosowania w zbiornikach wody pitnej, oczyszczalniach \u015bciek\u00f3w, budownictwie mostowym i przemys\u0142owym. Hydroizolacja to &hellip;<\/p>\n<p class=\"read-more\"> <a class=\"\" href=\"https:\/\/pol-pave.com\/en\/nasza-oferta\/hydroizolacje\/\"> <span class=\"screen-reader-text\">Resin-based hydro-proofing<\/span> Read More &raquo;<\/a><\/p>","protected":false},"author":1,"featured_media":0,"parent":1922,"menu_order":0,"comment_status":"closed","ping_status":"closed","template":"","meta":{"site-sidebar-layout":"no-sidebar","site-content-layout":"page-builder","ast-global-header-display":"","ast-main-header-display":"","ast-hfb-above-header-display":"","ast-hfb-below-header-display":"","ast-hfb-mobile-header-display":"","site-post-title":"disabled","ast-breadcrumbs-content":"","ast-featured-img":"disabled","footer-sml-layout":"","theme-transparent-header-meta":"enabled","adv-header-id-meta":"","stick-header-meta":"","header-above-stick-meta":"","header-main-stick-meta":"","header-below-stick-meta":"","footnotes":""},"class_list":["post-1887","page","type-page","status-publish","hentry"],"yoast_head":"<!-- This site is optimized with the Yoast SEO plugin v27.5 - https:\/\/yoast.com\/product\/yoast-seo-wordpress\/ -->\n<title>Hydroizolacje - Pol-Pave<\/title>\n<meta name=\"description\" content=\"Zabezpiecz swoj\u0105 przestrze\u0144 z Pol-Pave - specjalistami w dziedzinie hydroizolacji. Oferujemy profesjonalne rozwi\u0105zania, kt\u00f3re chroni\u0105 Twoj\u0105 nieruchomo\u015b\u0107 przed wilgoci\u0105 i uszkodzeniami. Wybierz jako\u015b\u0107 i bezpiecze\u0144stwo!\" \/>\n<meta name=\"robots\" content=\"index, follow, max-snippet:-1, max-image-preview:large, max-video-preview:-1\" \/>\n<link rel=\"canonical\" href=\"https:\/\/pol-pave.com\/en\/nasza-oferta\/hydroizolacje\/\" \/>\n<meta property=\"og:locale\" content=\"en_GB\" \/>\n<meta property=\"og:type\" content=\"article\" \/>\n<meta property=\"og:title\" content=\"Hydroizolacje - Pol-Pave\" \/>\n<meta property=\"og:description\" content=\"Zabezpiecz swoj\u0105 przestrze\u0144 z Pol-Pave - specjalistami w dziedzinie hydroizolacji. Oferujemy profesjonalne rozwi\u0105zania, kt\u00f3re chroni\u0105 Twoj\u0105 nieruchomo\u015b\u0107 przed wilgoci\u0105 i uszkodzeniami. Wybierz jako\u015b\u0107 i bezpiecze\u0144stwo!\" \/>\n<meta property=\"og:url\" content=\"https:\/\/pol-pave.com\/en\/nasza-oferta\/hydroizolacje\/\" \/>\n<meta property=\"og:site_name\" content=\"Pol-Pave\" \/>\n<meta property=\"article:publisher\" content=\"https:\/\/www.facebook.com\/PolPave\" \/>\n<meta property=\"article:modified_time\" content=\"2023-08-29T16:51:49+00:00\" \/>\n<meta property=\"og:image\" content=\"http:\/\/pol-pave.com\/wp-content\/uploads\/2023\/05\/stelarz-hydroizolacje_optimized.jpeg\" \/>\n<meta name=\"twitter:card\" content=\"summary_large_image\" \/>\n<meta name=\"twitter:label1\" content=\"Estimated reading time\" \/>\n\t<meta name=\"twitter:data1\" content=\"2 minutes\" \/>\n<script type=\"application\/ld+json\" class=\"yoast-schema-graph\">{\"@context\":\"https:\\\/\\\/schema.org\",\"@graph\":[{\"@type\":\"WebPage\",\"@id\":\"https:\\\/\\\/pol-pave.com\\\/nasza-oferta\\\/hydroizolacje\\\/\",\"url\":\"https:\\\/\\\/pol-pave.com\\\/nasza-oferta\\\/hydroizolacje\\\/\",\"name\":\"Hydroizolacje - Pol-Pave\",\"isPartOf\":{\"@id\":\"https:\\\/\\\/pol-pave.com\\\/#website\"},\"primaryImageOfPage\":{\"@id\":\"https:\\\/\\\/pol-pave.com\\\/nasza-oferta\\\/hydroizolacje\\\/#primaryimage\"},\"image\":{\"@id\":\"https:\\\/\\\/pol-pave.com\\\/nasza-oferta\\\/hydroizolacje\\\/#primaryimage\"},\"thumbnailUrl\":\"http:\\\/\\\/pol-pave.com\\\/wp-content\\\/uploads\\\/2023\\\/05\\\/stelarz-hydroizolacje_optimized.jpeg\",\"datePublished\":\"2023-04-13T16:08:32+00:00\",\"dateModified\":\"2023-08-29T16:51:49+00:00\",\"description\":\"Zabezpiecz swoj\u0105 przestrze\u0144 z Pol-Pave - specjalistami w dziedzinie hydroizolacji. Oferujemy profesjonalne rozwi\u0105zania, kt\u00f3re chroni\u0105 Twoj\u0105 nieruchomo\u015b\u0107 przed wilgoci\u0105 i uszkodzeniami. Wybierz jako\u015b\u0107 i bezpiecze\u0144stwo!\",\"breadcrumb\":{\"@id\":\"https:\\\/\\\/pol-pave.com\\\/nasza-oferta\\\/hydroizolacje\\\/#breadcrumb\"},\"inLanguage\":\"en-GB\",\"potentialAction\":[{\"@type\":\"ReadAction\",\"target\":[\"https:\\\/\\\/pol-pave.com\\\/nasza-oferta\\\/hydroizolacje\\\/\"]}]},{\"@type\":\"ImageObject\",\"inLanguage\":\"en-GB\",\"@id\":\"https:\\\/\\\/pol-pave.com\\\/nasza-oferta\\\/hydroizolacje\\\/#primaryimage\",\"url\":\"http:\\\/\\\/pol-pave.com\\\/wp-content\\\/uploads\\\/2023\\\/05\\\/stelarz-hydroizolacje_optimized.jpeg\",\"contentUrl\":\"http:\\\/\\\/pol-pave.com\\\/wp-content\\\/uploads\\\/2023\\\/05\\\/stelarz-hydroizolacje_optimized.jpeg\"},{\"@type\":\"BreadcrumbList\",\"@id\":\"https:\\\/\\\/pol-pave.com\\\/nasza-oferta\\\/hydroizolacje\\\/#breadcrumb\",\"itemListElement\":[{\"@type\":\"ListItem\",\"position\":1,\"name\":\"Home\",\"item\":\"https:\\\/\\\/pol-pave.com\\\/\"},{\"@type\":\"ListItem\",\"position\":2,\"name\":\"Nasza oferta\",\"item\":\"https:\\\/\\\/pol-pave.com\\\/nasza-oferta\\\/\"},{\"@type\":\"ListItem\",\"position\":3,\"name\":\"Hydroizolacje\"}]},{\"@type\":\"WebSite\",\"@id\":\"https:\\\/\\\/pol-pave.com\\\/#website\",\"url\":\"https:\\\/\\\/pol-pave.com\\\/\",\"name\":\"Pol-Pave\",\"description\":\"Posadzki i nawierzchnie\",\"publisher\":{\"@id\":\"https:\\\/\\\/pol-pave.com\\\/#organization\"},\"alternateName\":\"Polish Pavings\",\"potentialAction\":[{\"@type\":\"SearchAction\",\"target\":{\"@type\":\"EntryPoint\",\"urlTemplate\":\"https:\\\/\\\/pol-pave.com\\\/?s={search_term_string}\"},\"query-input\":{\"@type\":\"PropertyValueSpecification\",\"valueRequired\":true,\"valueName\":\"search_term_string\"}}],\"inLanguage\":\"en-GB\"},{\"@type\":\"Organization\",\"@id\":\"https:\\\/\\\/pol-pave.com\\\/#organization\",\"name\":\"Polish Pavings Daniel Sojka\",\"url\":\"https:\\\/\\\/pol-pave.com\\\/\",\"logo\":{\"@type\":\"ImageObject\",\"inLanguage\":\"en-GB\",\"@id\":\"https:\\\/\\\/pol-pave.com\\\/#\\\/schema\\\/logo\\\/image\\\/\",\"url\":\"https:\\\/\\\/pol-pave.com\\\/wp-content\\\/uploads\\\/2023\\\/04\\\/logo6-1.png\",\"contentUrl\":\"https:\\\/\\\/pol-pave.com\\\/wp-content\\\/uploads\\\/2023\\\/04\\\/logo6-1.png\",\"width\":361,\"height\":120,\"caption\":\"Polish Pavings Daniel Sojka\"},\"image\":{\"@id\":\"https:\\\/\\\/pol-pave.com\\\/#\\\/schema\\\/logo\\\/image\\\/\"},\"sameAs\":[\"https:\\\/\\\/www.facebook.com\\\/PolPave\"]}]}<\/script>\n<!-- \/ Yoast SEO plugin. -->","yoast_head_json":{"title":"Hydroizolacje - Pol-Pave","description":"Zabezpiecz swoj\u0105 przestrze\u0144 z Pol-Pave - specjalistami w dziedzinie hydroizolacji. Oferujemy profesjonalne rozwi\u0105zania, kt\u00f3re chroni\u0105 Twoj\u0105 nieruchomo\u015b\u0107 przed wilgoci\u0105 i uszkodzeniami. Wybierz jako\u015b\u0107 i bezpiecze\u0144stwo!","robots":{"index":"index","follow":"follow","max-snippet":"max-snippet:-1","max-image-preview":"max-image-preview:large","max-video-preview":"max-video-preview:-1"},"canonical":"https:\/\/pol-pave.com\/en\/nasza-oferta\/hydroizolacje\/","og_locale":"en_GB","og_type":"article","og_title":"Hydroizolacje - Pol-Pave","og_description":"Zabezpiecz swoj\u0105 przestrze\u0144 z Pol-Pave - specjalistami w dziedzinie hydroizolacji. Oferujemy profesjonalne rozwi\u0105zania, kt\u00f3re chroni\u0105 Twoj\u0105 nieruchomo\u015b\u0107 przed wilgoci\u0105 i uszkodzeniami. Wybierz jako\u015b\u0107 i bezpiecze\u0144stwo!","og_url":"https:\/\/pol-pave.com\/en\/nasza-oferta\/hydroizolacje\/","og_site_name":"Pol-Pave","article_publisher":"https:\/\/www.facebook.com\/PolPave","article_modified_time":"2023-08-29T16:51:49+00:00","og_image":[{"url":"http:\/\/pol-pave.com\/wp-content\/uploads\/2023\/05\/stelarz-hydroizolacje_optimized.jpeg","type":"","width":"","height":""}],"twitter_card":"summary_large_image","twitter_misc":{"Estimated reading time":"2 minutes"},"schema":{"@context":"https:\/\/schema.org","@graph":[{"@type":"WebPage","@id":"https:\/\/pol-pave.com\/nasza-oferta\/hydroizolacje\/","url":"https:\/\/pol-pave.com\/nasza-oferta\/hydroizolacje\/","name":"Hydroizolacje - Pol-Pave","isPartOf":{"@id":"https:\/\/pol-pave.com\/#website"},"primaryImageOfPage":{"@id":"https:\/\/pol-pave.com\/nasza-oferta\/hydroizolacje\/#primaryimage"},"image":{"@id":"https:\/\/pol-pave.com\/nasza-oferta\/hydroizolacje\/#primaryimage"},"thumbnailUrl":"http:\/\/pol-pave.com\/wp-content\/uploads\/2023\/05\/stelarz-hydroizolacje_optimized.jpeg","datePublished":"2023-04-13T16:08:32+00:00","dateModified":"2023-08-29T16:51:49+00:00","description":"Zabezpiecz swoj\u0105 przestrze\u0144 z Pol-Pave - specjalistami w dziedzinie hydroizolacji. Oferujemy profesjonalne rozwi\u0105zania, kt\u00f3re chroni\u0105 Twoj\u0105 nieruchomo\u015b\u0107 przed wilgoci\u0105 i uszkodzeniami. Wybierz jako\u015b\u0107 i bezpiecze\u0144stwo!","breadcrumb":{"@id":"https:\/\/pol-pave.com\/nasza-oferta\/hydroizolacje\/#breadcrumb"},"inLanguage":"en-GB","potentialAction":[{"@type":"ReadAction","target":["https:\/\/pol-pave.com\/nasza-oferta\/hydroizolacje\/"]}]},{"@type":"ImageObject","inLanguage":"en-GB","@id":"https:\/\/pol-pave.com\/nasza-oferta\/hydroizolacje\/#primaryimage","url":"http:\/\/pol-pave.com\/wp-content\/uploads\/2023\/05\/stelarz-hydroizolacje_optimized.jpeg","contentUrl":"http:\/\/pol-pave.com\/wp-content\/uploads\/2023\/05\/stelarz-hydroizolacje_optimized.jpeg"},{"@type":"BreadcrumbList","@id":"https:\/\/pol-pave.com\/nasza-oferta\/hydroizolacje\/#breadcrumb","itemListElement":[{"@type":"ListItem","position":1,"name":"Home","item":"https:\/\/pol-pave.com\/"},{"@type":"ListItem","position":2,"name":"Nasza oferta","item":"https:\/\/pol-pave.com\/nasza-oferta\/"},{"@type":"ListItem","position":3,"name":"Hydroizolacje"}]},{"@type":"WebSite","@id":"https:\/\/pol-pave.com\/#website","url":"https:\/\/pol-pave.com\/","name":"Pol-Pave","description":"Posadzki i nawierzchnie","publisher":{"@id":"https:\/\/pol-pave.com\/#organization"},"alternateName":"Polish Pavings","potentialAction":[{"@type":"SearchAction","target":{"@type":"EntryPoint","urlTemplate":"https:\/\/pol-pave.com\/?s={search_term_string}"},"query-input":{"@type":"PropertyValueSpecification","valueRequired":true,"valueName":"search_term_string"}}],"inLanguage":"en-GB"},{"@type":"Organization","@id":"https:\/\/pol-pave.com\/#organization","name":"Polish Pavings Daniel Sojka","url":"https:\/\/pol-pave.com\/","logo":{"@type":"ImageObject","inLanguage":"en-GB","@id":"https:\/\/pol-pave.com\/#\/schema\/logo\/image\/","url":"https:\/\/pol-pave.com\/wp-content\/uploads\/2023\/04\/logo6-1.png","contentUrl":"https:\/\/pol-pave.com\/wp-content\/uploads\/2023\/04\/logo6-1.png","width":361,"height":120,"caption":"Polish Pavings Daniel Sojka"},"image":{"@id":"https:\/\/pol-pave.com\/#\/schema\/logo\/image\/"},"sameAs":["https:\/\/www.facebook.com\/PolPave"]}]}},"_links":{"self":[{"href":"https:\/\/pol-pave.com\/en\/wp-json\/wp\/v2\/pages\/1887","targetHints":{"allow":["GET"]}}],"collection":[{"href":"https:\/\/pol-pave.com\/en\/wp-json\/wp\/v2\/pages"}],"about":[{"href":"https:\/\/pol-pave.com\/en\/wp-json\/wp\/v2\/types\/page"}],"author":[{"embeddable":true,"href":"https:\/\/pol-pave.com\/en\/wp-json\/wp\/v2\/users\/1"}],"replies":[{"embeddable":true,"href":"https:\/\/pol-pave.com\/en\/wp-json\/wp\/v2\/comments?post=1887"}],"version-history":[{"count":14,"href":"https:\/\/pol-pave.com\/en\/wp-json\/wp\/v2\/pages\/1887\/revisions"}],"predecessor-version":[{"id":2389,"href":"https:\/\/pol-pave.com\/en\/wp-json\/wp\/v2\/pages\/1887\/revisions\/2389"}],"up":[{"embeddable":true,"href":"https:\/\/pol-pave.com\/en\/wp-json\/wp\/v2\/pages\/1922"}],"wp:attachment":[{"href":"https:\/\/pol-pave.com\/en\/wp-json\/wp\/v2\/media?parent=1887"}],"curies":[{"name":"wp","href":"https:\/\/api.w.org\/{rel}","templated":true}]}}